{"id":16517,"date":"2024-05-29T20:17:13","date_gmt":"2024-05-29T18:17:13","guid":{"rendered":"https:\/\/test.optimasoftware.ro\/?page_id=16517"},"modified":"2024-09-17T20:38:17","modified_gmt":"2024-09-17T18:38:17","slug":"noutati","status":"publish","type":"page","link":"https:\/\/optimasoftware.ro\/en\/noutati\/","title":{"rendered":"News"},"content":{"rendered":"<div data-elementor-type=\"wp-page\" data-elementor-id=\"16517\" class=\"elementor elementor-16517\" data-elementor-post-type=\"page\">\n\t\t\t\t<div class=\"elementor-element elementor-element-9410273 e-flex e-con-boxed e-con e-parent\" data-id=\"9410273\" data-element_type=\"container\" data-settings=\"{&quot;background_background&quot;:&quot;gradient&quot;,&quot;shape_divider_bottom&quot;:&quot;curve&quot;,&quot;shape_divider_bottom_negative&quot;:&quot;yes&quot;}\">\n\t\t\t\t\t<div class=\"e-con-inner\">\n\t\t\t\t<div class=\"elementor-shape elementor-shape-bottom\" data-negative=\"true\">\n\t\t\t<svg xmlns=\"http:\/\/www.w3.org\/2000\/svg\" viewbox=\"0 0 1000 100\" preserveaspectratio=\"none\">\n\t<path class=\"elementor-shape-fill\" d=\"M500,97C126.7,96.3,0.8,19.8,0,0v100l1000,0V1C1000,19.4,873.3,97.8,500,97z\"\/>\n<\/svg>\t\t<\/div>\n\t\t<div class=\"elementor-element elementor-element-14f1631 e-con-full e-flex e-con e-child\" data-id=\"14f1631\" data-element_type=\"container\" data-settings=\"{&quot;background_background&quot;:&quot;gradient&quot;}\">\n\t\t\t\t<div class=\"elementor-element elementor-element-efa91ed elementor-widget__width-initial elementor-widget-tablet__width-initial elementor-widget elementor-widget-heading\" data-id=\"efa91ed\" data-element_type=\"widget\" data-widget_type=\"heading.default\">\n\t\t\t\t<div class=\"elementor-widget-container\">\n\t\t\t\t\t<h6 class=\"elementor-heading-title elementor-size-default\">Optima Software<\/h6>\t\t\t\t<\/div>\n\t\t\t\t<\/div>\n\t\t\t\t<div class=\"elementor-element elementor-element-9978ccc elementor-widget-tablet__width-initial elementor-widget elementor-widget-heading\" data-id=\"9978ccc\" data-element_type=\"widget\" data-widget_type=\"heading.default\">\n\t\t\t\t<div class=\"elementor-widget-container\">\n\t\t\t\t\t<h1 class=\"elementor-heading-title elementor-size-default\">Innovation and excellence in the heart of Transylvania<\/h1>\t\t\t\t<\/div>\n\t\t\t\t<\/div>\n\t\t\t\t<div class=\"elementor-element elementor-element-97bc33c elementor-widget-divider--view-line elementor-widget elementor-widget-divider\" data-id=\"97bc33c\" data-element_type=\"widget\" data-widget_type=\"divider.default\">\n\t\t\t\t<div class=\"elementor-widget-container\">\n\t\t\t\t\t\t\t<div class=\"elementor-divider\">\n\t\t\t<span class=\"elementor-divider-separator\">\n\t\t\t\t\t\t<\/span>\n\t\t<\/div>\n\t\t\t\t\t\t<\/div>\n\t\t\t\t<\/div>\n\t\t\t\t<div class=\"elementor-element elementor-element-3546b87 elementor-widget elementor-widget-text-editor\" data-id=\"3546b87\" data-element_type=\"widget\" data-widget_type=\"text-editor.default\">\n\t\t\t\t<div class=\"elementor-widget-container\">\n\t\t\t\t\t\t\t\t\t<p>Together for over 20 years<\/p>\t\t\t\t\t\t\t\t<\/div>\n\t\t\t\t<\/div>\n\t\t<div class=\"elementor-element elementor-element-ab52e61 e-con-full e-flex e-con e-child\" data-id=\"ab52e61\" data-element_type=\"container\">\n\t\t<div class=\"elementor-element elementor-element-bc26204 e-con-full e-flex e-con e-child\" data-id=\"bc26204\" data-element_type=\"container\">\n\t\t\t\t<div class=\"elementor-element elementor-element-525ef48 elementor-view-framed elementor-widget-mobile_extra__width-initial elementor-shape-circle elementor-widget elementor-widget-icon\" data-id=\"525ef48\" data-element_type=\"widget\" data-widget_type=\"icon.default\">\n\t\t\t\t<div class=\"elementor-widget-container\">\n\t\t\t\t\t\t\t<div class=\"elementor-icon-wrapper\">\n\t\t\t<div class=\"elementor-icon\">\n\t\t\t<i aria-hidden=\"true\" class=\"icon icon-thumbs-up\"><\/i>\t\t\t<\/div>\n\t\t<\/div>\n\t\t\t\t\t\t<\/div>\n\t\t\t\t<\/div>\n\t\t\t\t<\/div>\n\t\t<div class=\"elementor-element elementor-element-af1ccc8 e-con-full e-flex e-con e-child\" data-id=\"af1ccc8\" data-element_type=\"container\">\n\t\t\t\t<div class=\"elementor-element elementor-element-2d51a9a elementor-widget elementor-widget-heading\" data-id=\"2d51a9a\" data-element_type=\"widget\" data-widget_type=\"heading.default\">\n\t\t\t\t<div class=\"elementor-widget-container\">\n\t\t\t\t\t<h6 class=\"elementor-heading-title elementor-size-default\">30+ Satisfied Customers<\/h6>\t\t\t\t<\/div>\n\t\t\t\t<\/div>\n\t\t\t\t<div class=\"elementor-element elementor-element-d9c692b elementor-star-rating-mobile--align-center elementor-widget__width-initial elementor--star-style-star_unicode elementor-star-rating-tablet--align-center elementor-widget elementor-widget-star-rating\" data-id=\"d9c692b\" data-element_type=\"widget\" data-settings=\"{&quot;_animation&quot;:&quot;none&quot;}\" data-widget_type=\"star-rating.default\">\n\t\t\t\t<div class=\"elementor-widget-container\">\n\t\t\t\t\t\n\t\t<div class=\"elementor-star-rating__wrapper\">\n\t\t\t\t\t\t\t<div class=\"elementor-star-rating__title\">(Ratings)<\/div>\n\t\t\t\t\t\t<div class=\"elementor-star-rating\" title=\"4.7\/5\" itemtype=\"http:\/\/schema.org\/Rating\" itemscope=\"\" itemprop=\"reviewRating\"><i class=\"elementor-star-full\">&#9733;<\/i><i class=\"elementor-star-full\">&#9733;<\/i><i class=\"elementor-star-full\">&#9733;<\/i><i class=\"elementor-star-full\">&#9733;<\/i><i class=\"elementor-star-7\">&#9733;<\/i> <span itemprop=\"ratingValue\" class=\"elementor-screen-only\">4.7\/5<\/span><\/div>\t\t<\/div>\n\t\t\t\t\t\t<\/div>\n\t\t\t\t<\/div>\n\t\t\t\t<\/div>\n\t\t\t\t<\/div>\n\t\t\t\t<\/div>\n\t\t<div class=\"elementor-element elementor-element-fb92101 e-con-full e-flex e-con e-child\" data-id=\"fb92101\" data-element_type=\"container\">\n\t\t\t\t<div class=\"elementor-element elementor-element-ad14591 elementor-widget elementor-widget-image\" data-id=\"ad14591\" data-element_type=\"widget\" data-widget_type=\"image.default\">\n\t\t\t\t<div class=\"elementor-widget-container\">\n\t\t\t\t\t\t\t\t\t\t\t\t\t\t\t<img loading=\"lazy\" decoding=\"async\" width=\"1024\" height=\"1024\" src=\"https:\/\/optimasoftware.ro\/wp-content\/uploads\/2024\/02\/Data-Seer2--e1708343914699-1024x1024.jpg\" class=\"attachment-large size-large wp-image-5981\" alt=\"\" srcset=\"https:\/\/optimasoftware.ro\/wp-content\/uploads\/2024\/02\/Data-Seer2--e1708343914699-1024x1024.jpg 1024w, https:\/\/optimasoftware.ro\/wp-content\/uploads\/2024\/02\/Data-Seer2--e1708343914699-300x300.jpg 300w, https:\/\/optimasoftware.ro\/wp-content\/uploads\/2024\/02\/Data-Seer2--e1708343914699-150x150.jpg 150w, https:\/\/optimasoftware.ro\/wp-content\/uploads\/2024\/02\/Data-Seer2--e1708343914699-768x768.jpg 768w, https:\/\/optimasoftware.ro\/wp-content\/uploads\/2024\/02\/Data-Seer2--e1708343914699-12x12.jpg 12w, https:\/\/optimasoftware.ro\/wp-content\/uploads\/2024\/02\/Data-Seer2--e1708343914699.jpg 1276w\" sizes=\"(max-width: 1024px) 100vw, 1024px\" \/>\t\t\t\t\t\t\t\t\t\t\t\t\t\t\t<\/div>\n\t\t\t\t<\/div>\n\t\t\t\t<div class=\"elementor-element elementor-element-071e68a elementor-widget elementor-widget-image\" data-id=\"071e68a\" data-element_type=\"widget\" data-widget_type=\"image.default\">\n\t\t\t\t<div class=\"elementor-widget-container\">\n\t\t\t\t\t\t\t\t\t\t\t\t\t\t\t<img loading=\"lazy\" decoding=\"async\" width=\"632\" height=\"632\" src=\"https:\/\/optimasoftware.ro\/wp-content\/uploads\/2024\/02\/computer-e1708344017789.png\" class=\"attachment-large size-large wp-image-4409\" alt=\"\" srcset=\"https:\/\/optimasoftware.ro\/wp-content\/uploads\/2024\/02\/computer-e1708344017789.png 632w, https:\/\/optimasoftware.ro\/wp-content\/uploads\/2024\/02\/computer-e1708344017789-150x150.png 150w, https:\/\/optimasoftware.ro\/wp-content\/uploads\/2024\/02\/computer-e1708344017789-300x300.png 300w, https:\/\/optimasoftware.ro\/wp-content\/uploads\/2024\/02\/computer-e1708344017789-12x12.png 12w\" sizes=\"(max-width: 632px) 100vw, 632px\" \/>\t\t\t\t\t\t\t\t\t\t\t\t\t\t\t<\/div>\n\t\t\t\t<\/div>\n\t\t\t\t<\/div>\n\t\t\t\t\t<\/div>\n\t\t\t\t<\/div>\n\t\t<div class=\"elementor-element elementor-element-709406e e-flex e-con-boxed e-con e-parent\" data-id=\"709406e\" data-element_type=\"container\">\n\t\t\t\t\t<div class=\"e-con-inner\">\n\t\t\t\t<div class=\"elementor-element elementor-element-11daa88 elementor-widget elementor-widget-ucaddon_post_blocks\" data-id=\"11daa88\" data-element_type=\"widget\" data-widget_type=\"ucaddon_post_blocks.default\">\n\t\t\t\t<div class=\"elementor-widget-container\">\n\t\t\t\t\t\n<!-- start Post Blocks -->\n\t\t<link id='font-awesome-css' href='https:\/\/optimasoftware.ro\/wp-content\/plugins\/unlimited-elements-for-elementor\/assets_libraries\/font-awesome6\/fontawesome-all.min.css' type='text\/css' rel='stylesheet' >\n\t\t<link id='font-awesome-4-shim-css' href='https:\/\/optimasoftware.ro\/wp-content\/plugins\/unlimited-elements-for-elementor\/assets_libraries\/font-awesome6\/fontawesome-v4-shims.min.css' type='text\/css' rel='stylesheet' >\n\n<style>\/* widget: Post Blocks *\/\n\n\n\n#uc_post_blocks_elementor_11daa88 {\n    display:grid;\n}\n#uc_post_blocks_elementor_11daa88 .ue_post_blocks_box\n{\n  overflow:hidden;\n}\n\n#uc_post_blocks_elementor_11daa88 .ue_post_blocks_image\n{\n  overflow:hidden;\n}\n#uc_post_blocks_elementor_11daa88 .ue_post_blocks_image img\n{\n  width:100%;\n  display:block;\n}\n#uc_post_blocks_elementor_11daa88 .ue_post_blocks_link a\n{\n  display:inline-block;\n  text-decoration:none;\n  text-align:center;\n}\n\n\n#uc_post_blocks_elementor_11daa88 .ue-grid-item-meta-data\n{\n  display:inlin-flex;\n  flex-wrap: wrap;\n}\n\n.ue-grid-item-meta-data\n{\n  font-size:12px;\n}\n\n#uc_post_blocks_elementor_11daa88 .ue-grid-item-meta-data-icon\n{\n  line-height:1em;\n}\n\n#uc_post_blocks_elementor_11daa88 .ue-grid-item-meta-data-icon svg\n{\n  width:1em;\n  height:1em;\n}\n\n#uc_post_blocks_elementor_11daa88 .ue_post_blocks_box{\n  display: flex;\n  flex-direction: column;\n}\n#uc_post_blocks_elementor_11daa88 .ue_post_blocks_content{\n display: flex; flex-grow: 1;\n flex-direction: column;\n}\n#uc_post_blocks_elementor_11daa88 .ue_post_blocks_link{ margin-top: auto;\n}\n\n.ue-grid-item-category a\n{\n  display:inline-block;\n  font-size:10px;\n  text-transform:uppercase;\n}\n\n\n\n\n<\/style>\n\n<div id=\"uc_post_blocks_elementor_11daa88\" class=\"ue_post_blocks uc-items-wrapper\" >\n    <div class=\"ue_post_blocks_box\">\n    <div class=\"ue_post_blocks_image\">\n    <a href=\"https:\/\/optimasoftware.ro\/en\/optima-software-redefinirea-excelentei-in-dezvoltarea-de-software-romanesc\/\" style=\"display:block;\"><img loading=\"lazy\" decoding=\"async\" src=\"https:\/\/optimasoftware.ro\/wp-content\/uploads\/2024\/12\/REDEFINIREA-EXCELENTEI-1.jpg\"  alt=\"REDEFINIREA EXCELENTEI\" width=\"956\" height=\"540\"><\/a>\n  <\/div>\n    <div class=\"ue_post_blocks_content\">\n      \n     \n               <div class=\"ue-grid-item-meta-data\">\n            <div class=\"ue-grid-item-meta-data-date\"><span class=\"ue-grid-item-meta-data-icon\"><i class='fas fa-calendar-week'><\/i><\/span> December 19, 2024<\/div>                    \t  \n    \t<\/div>\n         \n    <div class=\"ue_post_blocks_title\"><a href=\"https:\/\/optimasoftware.ro\/en\/optima-software-redefinirea-excelentei-in-dezvoltarea-de-software-romanesc\/\">Optima Software: Redefining Excellence in Romanian Software Development<\/a><\/div>    \n        \n    \n    <div class=\"ue_post_blocks_text\">Din 2003, Optima Software, cu sediul \u00een Cluj-Napoca, s-a impus ca lider \u00een solu\u021bii software de ultim\u0103...<\/div>        \t<div class=\"ue_post_blocks_link\">\n          <a class=\"\" href='https:\/\/optimasoftware.ro\/en\/optima-software-redefinirea-excelentei-in-dezvoltarea-de-software-romanesc\/'>Read more<\/a>\n    \t<\/div>\n      <\/div>\n<\/div>\n<div class=\"ue_post_blocks_box\">\n    <div class=\"ue_post_blocks_image\">\n    <a href=\"https:\/\/optimasoftware.ro\/en\/predictii\/\" style=\"display:block;\"><img loading=\"lazy\" decoding=\"async\" src=\"https:\/\/optimasoftware.ro\/wp-content\/uploads\/2024\/07\/451059215_122115437714363568_8401026748983949805_n.webp\"  alt=\"451059215_122115437714363568_8401026748983949805_n\" width=\"640\" height=\"360\"><\/a>\n  <\/div>\n    <div class=\"ue_post_blocks_content\">\n      \n     \n               <div class=\"ue-grid-item-meta-data\">\n            <div class=\"ue-grid-item-meta-data-date\"><span class=\"ue-grid-item-meta-data-icon\"><i class='fas fa-calendar-week'><\/i><\/span> July 15, 2024<\/div>                    \t  \n    \t<\/div>\n         \n    <div class=\"ue_post_blocks_title\"><a href=\"https:\/\/optimasoftware.ro\/en\/predictii\/\">Accurate predictions with Optimal DataSeer: advanced algorithms and real-time analysis<\/a><\/div>    \n        \n    \n    <div class=\"ue_post_blocks_text\">\ud835\udc42\ud835\udc5d\ud835\udc61\ud835\udc56\ud835\udc5a\ud835\udc4e\ud835\udc59 \ud835\udc37\ud835\udc4e\ud835\udc61\ud835\udc4e\ud835\udc46\ud835\udc52\ud835\udc52\ud835\udc5f offers an innovative solution, using advanced machine learning algorithms and analytics...<\/div>        \t<div class=\"ue_post_blocks_link\">\n          <a class=\"\" href='https:\/\/optimasoftware.ro\/en\/predictii\/'>Read more<\/a>\n    \t<\/div>\n      <\/div>\n<\/div>\n<div class=\"ue_post_blocks_box\">\n    <div class=\"ue_post_blocks_image\">\n    <a href=\"https:\/\/optimasoftware.ro\/en\/esg\/\" style=\"display:block;\"><img loading=\"lazy\" decoding=\"async\" src=\"https:\/\/optimasoftware.ro\/wp-content\/uploads\/2024\/07\/pexels-googledeepmind-17485680-scaled.webp\"  alt=\"pexels-googledeepmind-17485680\" width=\"1920\" height=\"1080\"><\/a>\n  <\/div>\n    <div class=\"ue_post_blocks_content\">\n      \n     \n               <div class=\"ue-grid-item-meta-data\">\n            <div class=\"ue-grid-item-meta-data-date\"><span class=\"ue-grid-item-meta-data-icon\"><i class='fas fa-calendar-week'><\/i><\/span> June 12, 2024<\/div>                    \t  \n    \t<\/div>\n         \n    <div class=\"ue_post_blocks_title\"><a href=\"https:\/\/optimasoftware.ro\/en\/esg\/\">Optimal DataSeer: Pioneering ESG initiatives through advanced analytics<\/a><\/div>    \n        \n    \n    <div class=\"ue_post_blocks_text\">In the era of sustainability, \ud835\udc42\ud835\udc5d\ud835\udc61\ud835\udc56\ud835\udc5a\ud835\udc4e\ud835\udc59 \ud835\udc37\ud835\udc4e\ud835\udc61\ud835\udc4e\ud835\udc46\ud835\udc52\ud835\udc52\ud835\udc5f stands out as an essential tool for companies that...<\/div>        \t<div class=\"ue_post_blocks_link\">\n          <a class=\"\" href='https:\/\/optimasoftware.ro\/en\/esg\/'>Read more<\/a>\n    \t<\/div>\n      <\/div>\n<\/div>\n<div class=\"ue_post_blocks_box\">\n    <div class=\"ue_post_blocks_image\">\n    <a href=\"https:\/\/optimasoftware.ro\/en\/optima-software-la-cluj-innovation-days\/\" style=\"display:block;\"><img loading=\"lazy\" decoding=\"async\" src=\"https:\/\/optimasoftware.ro\/wp-content\/uploads\/2024\/03\/images.webp\"  alt=\"images\" width=\"225\" height=\"225\"><\/a>\n  <\/div>\n    <div class=\"ue_post_blocks_content\">\n      \n     \n               <div class=\"ue-grid-item-meta-data\">\n            <div class=\"ue-grid-item-meta-data-date\"><span class=\"ue-grid-item-meta-data-icon\"><i class='fas fa-calendar-week'><\/i><\/span> March 22, 2024<\/div>                    \t  \n    \t<\/div>\n         \n    <div class=\"ue_post_blocks_title\"><a href=\"https:\/\/optimasoftware.ro\/en\/optima-software-la-cluj-innovation-days\/\">Optima Software at Cluj Innovation Days<\/a><\/div>    \n        \n    \n    <div class=\"ue_post_blocks_text\">Cluj Innovation Days, the prestigious annual conference organized by Cluj IT Cluster, reached its...<\/div>        \t<div class=\"ue_post_blocks_link\">\n          <a class=\"\" href='https:\/\/optimasoftware.ro\/en\/optima-software-la-cluj-innovation-days\/'>Read more<\/a>\n    \t<\/div>\n      <\/div>\n<\/div>\n\n<\/div>\n<!-- end Post Blocks -->\t\t\t\t<\/div>\n\t\t\t\t<\/div>\n\t\t\t\t<div class=\"elementor-element elementor-element-ad81c59 elementor-widget elementor-widget-ucaddon_archive_pagination\" data-id=\"ad81c59\" data-element_type=\"widget\" data-widget_type=\"ucaddon_archive_pagination.default\">\n\t\t\t\t<div class=\"elementor-widget-container\">\n\t\t\t\t\t\n<!-- start Post Pagination -->\n\n<style>\/* widget: Post Pagination *\/\n\n#uc_archive_pagination_elementor_ad81c59 nav\n{\n  padding:0px;\n  margin:0px;\n}\n\n#uc_archive_pagination_elementor_ad81c59 \n{\n  display:flex;\n  flex-wrap: wrap;\n  justify-content:center;\n}\n\n#uc_archive_pagination_elementor_ad81c59 .nav-links\n{\n  display:flex;\n  justify-content:center;\n}\n\n#uc_archive_pagination_elementor_ad81c59 .nav-links > *\n{\n}\n\n#uc_archive_pagination_elementor_ad81c59 .page-numbers\n{\n  display:flex;\n  \n  align-items:center;\n  justify-content:center;\n  transition:0.3s;\n  line-height:1em;\n}\n\n\n#uc_archive_pagination_elementor_ad81c59 a.page-numbers, #uc_archive_pagination_elementor_ad81c59 .dots\n{\n  color:#0F1175;\n  background-color:;\n}\n\n#uc_archive_pagination_elementor_ad81c59 a.page-numbers:hover\n{\n  color:#FFFFFF;\n  background-color:#FF9200;\n}\n\n#uc_archive_pagination_elementor_ad81c59 .page-numbers.current,\n#uc_archive_pagination_elementor_ad81c59 .page-numbers.current:hover\n{\n  background-color:#FF9200;\n  color:#ffffff;\n}\n\n\n#uc_archive_pagination_elementor_ad81c59 .page-numbers.prev, #uc_archive_pagination_elementor_ad81c59 .page-numbers.next\n{\n  padding-left:15px;\n  padding-right:15px;\n}\n\n\n\n#uc_archive_pagination_elementor_ad81c59 .prev:before {\n   font-family: \"Font Awesome 5 Free\";\n   content: \"\\f053\";\n   display: inline-block;\n   vertical-align: middle;\n   font-weight: 900;\n   padding-right:10px;}\n\n#uc_archive_pagination_elementor_ad81c59 .next:after {\n   font-family: \"Font Awesome 5 Free\";\n   content: \"\\f054\";\n   display: inline-block;\n   vertical-align: middle;\n   font-weight: 900;\n   padding-left:10px;}\n\n#uc_archive_pagination_elementor_ad81c59.uc-ajax-loading{\n\topacity:1 !important;\n}\n\n#uc_archive_pagination_elementor_ad81c59.uc-ajax-loading .current{\n\tposition:relative;\n    overflow:hidden;\n}\n\n\n#uc_archive_pagination_elementor_ad81c59.uc-ajax-loading .current:before{\n  content: \"\";\n  display:block;\n  width:100%;\n  height:100%;\n  box-sizing:border-box;\n  position:absolute;\n  top:0px;\n  left:0px;\n  background-color: #c2c2c2;\n  animation: uc-spinning-border 0.5s linear infinite;\n  opacity:50%;\n  border-radius:inherit;\n}\n\n@keyframes uc-spinning-border {\n\t0%{transform: scale(0);}\n\t100%{transform: scale(1); }\t\n}\n\n\n\n<\/style>\n\n<div id=\"uc_archive_pagination_elementor_ad81c59\" class=\"archive_pagination uc-filter-pagination\">\n<span aria-current=\"page\" class=\"page-numbers current\">1<\/span>\n<a class=\"page-numbers\" href=\"https:\/\/optimasoftware.ro\/en\/noutati\/2\/\" data-e-disable-page-transition=\"true\">2<\/a>\n<a class=\"page-numbers\" href=\"https:\/\/optimasoftware.ro\/en\/noutati\/3\/\" data-e-disable-page-transition=\"true\">3<\/a>\n<a class=\"next page-numbers\" href=\"https:\/\/optimasoftware.ro\/en\/noutati\/2\/\" data-e-disable-page-transition=\"true\">Next<\/a>\n<\/div>\n<!-- end Post Pagination -->\t\t\t\t<\/div>\n\t\t\t\t<\/div>\n\t\t\t\t\t<\/div>\n\t\t\t\t<\/div>\n\t\t\t\t<\/div>","protected":false},"excerpt":{"rendered":"<p>Optima Software Inova\u021bie \u0219i excelen\u021b\u0103 \u00een inima Transilvaniei \u00cempreun\u0103 de peste 20 de ani 30+ Clien\u021bi mul\u021bumi\u021bi (Evalu\u0103ri) &#9733;&#9733;&#9733;&#9733;&#9733; 4.7\/5 [&hellip;]<\/p>","protected":false},"author":1,"featured_media":0,"parent":0,"menu_order":0,"comment_status":"closed","ping_status":"closed","template":"","meta":{"postBodyMargin":[],"postBodyPadding":[],"postBodyBackground":{"backgroundType":"classic","gradient":""},"site-sidebar-layout":"default","site-content-layout":"","ast-site-content-layout":"full-width-container","site-content-style":"boxed","site-sidebar-style":"default","ast-global-header-display":"","ast-banner-title-visibility":"","ast-main-header-display":"","ast-hfb-above-header-display":"","ast-hfb-below-header-display":"","ast-hfb-mobile-header-display":"","site-post-title":"","ast-breadcrumbs-content":"","ast-featured-img":"","footer-sml-layout":"","theme-transparent-header-meta":"","adv-header-id-meta":"","stick-header-meta":"","header-above-stick-meta":"","header-main-stick-meta":"","header-below-stick-meta":"","astra-migrate-meta-layouts":"default","ast-page-background-enabled":"default","ast-page-background-meta":{"desktop":{"background-color":"var(--ast-global-color-4)","background-image":"","background-repeat":"repeat","background-position":"center center","background-size":"auto","background-attachment":"scroll","background-type":"","background-media":"","overlay-type":"","overlay-color":"","overlay-opacity":"","overlay-gradient":""},"tablet":{"background-color":"","background-image":"","background-repeat":"repeat","background-position":"center center","background-size":"auto","background-attachment":"scroll","background-type":"","background-media":"","overlay-type":"","overlay-color":"","overlay-opacity":"","overlay-gradient":""},"mobile":{"background-color":"","background-image":"","background-repeat":"repeat","background-position":"center center","background-size":"auto","background-attachment":"scroll","background-type":"","background-media":"","overlay-type":"","overlay-color":"","overlay-opacity":"","overlay-gradient":""}},"ast-content-background-meta":{"desktop":{"background-color":"var(--ast-global-color-5)","background-image":"","background-repeat":"repeat","background-position":"center center","background-size":"auto","background-attachment":"scroll","background-type":"","background-media":"","overlay-type":"","overlay-color":"","overlay-opacity":"","overlay-gradient":""},"tablet":{"background-color":"var(--ast-global-color-5)","background-image":"","background-repeat":"repeat","background-position":"center center","background-size":"auto","background-attachment":"scroll","background-type":"","background-media":"","overlay-type":"","overlay-color":"","overlay-opacity":"","overlay-gradient":""},"mobile":{"background-color":"var(--ast-global-color-5)","background-image":"","background-repeat":"repeat","background-position":"center center","background-size":"auto","background-attachment":"scroll","background-type":"","background-media":"","overlay-type":"","overlay-color":"","overlay-opacity":"","overlay-gradient":""}},"footnotes":""},"class_list":["post-16517","page","type-page","status-publish","hentry"],"_links":{"self":[{"href":"https:\/\/optimasoftware.ro\/en\/wp-json\/wp\/v2\/pages\/16517","targetHints":{"allow":["GET"]}}],"collection":[{"href":"https:\/\/optimasoftware.ro\/en\/wp-json\/wp\/v2\/pages"}],"about":[{"href":"https:\/\/optimasoftware.ro\/en\/wp-json\/wp\/v2\/types\/page"}],"author":[{"embeddable":true,"href":"https:\/\/optimasoftware.ro\/en\/wp-json\/wp\/v2\/users\/1"}],"replies":[{"embeddable":true,"href":"https:\/\/optimasoftware.ro\/en\/wp-json\/wp\/v2\/comments?post=16517"}],"version-history":[{"count":677,"href":"https:\/\/optimasoftware.ro\/en\/wp-json\/wp\/v2\/pages\/16517\/revisions"}],"predecessor-version":[{"id":33473,"href":"https:\/\/optimasoftware.ro\/en\/wp-json\/wp\/v2\/pages\/16517\/revisions\/33473"}],"wp:attachment":[{"href":"https:\/\/optimasoftware.ro\/en\/wp-json\/wp\/v2\/media?parent=16517"}],"curies":[{"name":"wp","href":"https:\/\/api.w.org\/{rel}","templated":true}]}}